{"id":2237,"date":"2022-07-04T06:27:16","date_gmt":"2022-07-04T06:27:16","guid":{"rendered":"https:\/\/globobd.net\/admin\/?page_id=2237"},"modified":"2026-04-08T05:57:36","modified_gmt":"2026-04-08T05:57:36","slug":"apres-la-formation","status":"publish","type":"page","link":"https:\/\/globobd.net\/admin\/apres-la-formation\/","title":{"rendered":"Apres la Formation"},"content":{"rendered":"<div class=\"brz-root__container brz-reset-all\">\n<section data-uid=\"mupihovpautaxfzuznrzkbyotyvubpcvxgqe\" id=\"LISTE%20TACHE%20\" class=\"brz-section brz-css-nnlgx brz-css-bswjz\">\n<div class=\"brz-section__content brz-section--fullWidth brz-css-vxvyb brz-css-vpsac\" data-custom-id=\"yhkmwxvpebfulgjbvrhjyybjatlisychrjdt\">\n<div class=\"brz-container brz-css-vnopc brz-css-mignh\">\n<div class=\"brz-css-wspzh brz-css-jbtjj brz-wrapper\">\n<div class=\"brz-rich-text brz-rich-text__custom brz-css-asniq\" data-custom-id=\"sutrwamyhpdllrwsjjxermvmlonkexnwupci\">\n<div>\n<p class=\"brz-text-lg-center brz-bcp-color2 brz-mb-lg-0 brz-mt-lg-0 brz-fss-lg-px brz-fw-lg-400 brz-ls-lg-2_8 brz-lh-lg-1_4 brz-tp-lg-empty brz-ff-montserrat brz-ft-google brz-fs-lg-30 brz-css-wnuom\" data-uniq-id=\"mbvdd\" data-generated-css=\"brz-css-zxnso\"><strong>Listes des Tache Apres la Formation<\/strong><\/p>\n<\/div>\n<\/div>\n<\/div>\n<div class=\"brz-css-wspzh brz-css-rnovy brz-css-oosqt brz-wrapper\">\n<div class=\"brz-spacer brz-css-omxyx brz-css-zoijq\"><\/div>\n<\/div>\n<div class=\"brz-css-wspzh brz-wrapper\">\n<div class=\"brz-wp-shortcode brz-css-tkxul\" data-custom-id=\"dihbvxhogwrpoodefjcebxomvkzzzgbyqnev\">\n<div>[estimation_form form_id=\"12\"]<\/div>\n<\/div>\n<\/div>\n<\/div>\n<\/div>\n<\/section>\n<section data-uid=\"jzeoqpzetvdefaczxyqoohyefypphicmvavj\" id=\"PLAND%2520SERVICE%20FORMATION\" class=\"brz-section brz-css-nnlgx\">\n<div class=\"brz-section__content brz-section--fullWidth brz-css-vxvyb brz-css-pxxqr\" data-custom-id=\"xgkzwgnqctxtnvunxrwzzrhcaliyrngsvqqx\">\n<div class=\"brz-container brz-css-vnopc brz-css-lmaxm\">\n<div class=\"brz-css-wspzh brz-css-ygyzr brz-wrapper\">\n<div class=\"brz-rich-text brz-rich-text__custom brz-css-asniq\" data-custom-id=\"ynmnmrgxjkrhvxojsndpstrqgybjsasykydi\">\n<div>\n<p class=\"brz-text-lg-justify brz-mb-lg-0 brz-bcp-color2 brz-tp-lg-empty brz-ff-montserrat brz-ft-google brz-fs-lg-17 brz-fss-lg-px brz-fw-lg-400 brz-ls-lg-2_8 brz-lh-lg-1_4 brz-mt-lg-14 brz-css-qfrvd\" data-generated-css=\"brz-css-pkdnv\" data-uniq-id=\"oydfv\"><\/p>\n<\/div>\n<\/div>\n<\/div>\n<div class=\"brz-css-wspzh brz-css-hvyix brz-wrapper\">\n<div class=\"brz-rich-text brz-rich-text__custom brz-css-asniq\" data-custom-id=\"skarzdnxfhtapsgvmlzwunftpmphbvjuzuma\">\n<div>\n<p class=\"brz-mt-lg-0 brz-mb-lg-0 brz-bcp-color2 brz-text-lg-center brz-fss-lg-px brz-fw-lg-400 brz-ls-lg-2_8 brz-lh-lg-1_4 brz-tp-lg-empty brz-ff-montserrat brz-ft-google brz-fs-lg-30 brz-css-mmopl\" data-generated-css=\"brz-css-pbihe\" data-uniq-id=\"ofkmm\"><strong>Listes des Tache Apres la Formation<\/strong><\/p>\n<\/div>\n<\/div>\n<\/div>\n<div class=\"brz-css-wspzh brz-css-rnovy brz-wrapper\">\n<div class=\"brz-spacer brz-css-omxyx\"><\/div>\n<\/div>\n<div class=\"brz-css-wspzh brz-wrapper\">\n<div data-action=\"click\" class=\"brz-tabs brz-tabs--vertical brz-tabs--style-2 brz-tabs--left brz-css-uuosw brz-css-kqydz\" data-custom-id=\"oxoqpxntarxiyfhvohtyvfotwupuvrjlbjvu\">\n<ul class=\"brz-tabs__nav brz-tabs__nav--vertical brz-tabs__nav--style-2 brz-tabs__nav--left\">\n<li class=\"brz-tabs__nav--item brz-tabs__nav--desktop brz-tabs__nav--active\">\n<div class=\"brz-tabs__nav--button\"><span class=\"brz-span brz-text__editor\">Taches Apr\u00e8s la formation\u00a0<\/span><\/div>\n<\/li>\n<\/ul>\n<div class=\"brz-tabs__content brz-tabs__content--vertical brz-tabs__content--style-2 brz-tabs__content--left\">\n<div class=\"brz-tabs__items brz-tabs__items--active\">\n<div class=\"brz-tabs__nav--mobile brz-tabs__nav--mobile--active\">\n<div class=\"brz-tabs__nav--button\"><span>Taches Apr\u00e8s la formation\u00a0<\/span><\/div>\n<\/div>\n<div class=\"brz-tabs__item--content\">\n<div class=\"brz-d-xs-flex brz-flex-xs-column\">\n<div class=\"brz-css-wspzh brz-wrapper\">\n<div class=\"brz-accordion brz-css-yucof\" data-duration=\"300\" data-custom-id=\"detwlzxwlimotwivkgyfhcafgcfddkumuqui\">\n<div class=\"brz-accordion__item brz-accordion__item--active\">\n<div class=\"brz-accordion__nav\" data-collapsible=\"on\"><span class=\"brz-accordion__nav-title brz-span brz-text__editor\">Archiver :  <\/span><\/div>\n<div class=\"brz-accordion__content brz-d-xs-flex brz-flex-xs-column\">\n<div class=\"brz-accordion__item-content brz-d-xs-flex brz-flex-xs-column\">\n<div class=\"brz-css-wspzh brz-wrapper\">\n<div class=\"brz-rich-text brz-rich-text__custom brz-css-asniq\" data-custom-id=\"hfcpfvfhgxbmfujffdxfvznztenwufainllz\">\n<div>\n<p class=\"brz-tp-lg-paragraph brz-css-dcews\" data-uniq-id=\"wqzvg\" data-generated-css=\"brz-css-whmcu\">Les fiches d\u2019inscriptions<\/p>\n<p class=\"brz-tp-lg-paragraph brz-css-jqqks\" data-uniq-id=\"hzmmk\" data-generated-css=\"brz-css-wijzp\">Les contrats de formation<\/p>\n<p class=\"brz-tp-lg-paragraph brz-css-mjlsa\" data-uniq-id=\"guuhx\" data-generated-css=\"brz-css-hfnwy\">La fiches de remise dipl\u00f4me et scanner<\/p>\n<p class=\"brz-tp-lg-paragraph brz-css-broud\" data-uniq-id=\"uuhwe\" data-generated-css=\"brz-css-zrstu\">Le compte rendu de formation et statistique<\/p>\n<p class=\"brz-tp-lg-paragraph brz-css-zhbid\" data-uniq-id=\"jjdlg\" data-generated-css=\"brz-css-tlttv\">Les fiches de renseignement<\/p>\n<p class=\"brz-tp-lg-paragraph brz-css-wyabw\" data-uniq-id=\"emuml\" data-generated-css=\"brz-css-hxbmh\"><\/p>\n<\/div>\n<\/div>\n<\/div>\n<\/div>\n<\/div>\n<\/div>\n<div class=\"brz-accordion__item\">\n<div class=\"brz-accordion__nav\" data-collapsible=\"on\"><span class=\"brz-accordion__nav-title brz-span brz-text__editor\">Appeler les \u00e9l\u00e8ves apr\u00e8s la formation<\/span><\/div>\n<div class=\"brz-accordion__content brz-d-xs-flex brz-flex-xs-column\">\n<div class=\"brz-accordion__item-content brz-d-xs-flex brz-flex-xs-column\">\n<div class=\"brz-css-wspzh brz-wrapper\">\n<div class=\"brz-rich-text brz-rich-text__custom brz-css-asniq\" data-custom-id=\"grfmcgafxovwxvougnxfnspgaelhqlxqdtdc\">\n<div>\n<p class=\"brz-tp-lg-paragraph brz-css-bzvvt\" data-uniq-id=\"fswam\" data-generated-css=\"brz-css-olqje\">Appeler les \u00e9l\u00e8ves apr\u00e8s la formation  <\/p>\n<p class=\"brz-tp-lg-paragraph brz-css-cdmhf\" data-uniq-id=\"privh\" data-generated-css=\"brz-css-noaas\">passer le bonjour de chikh merouane ( <strong>\u0634\u064a\u062e \u0645\u0631\u0648\u0627\u0646&nbsp;&nbsp;\u064a\u0633\u0644\u0645 \u0639\u0644\u064a\u0643 )<\/strong><\/p>\n<p class=\"brz-tp-lg-paragraph brz-css-bnypp\" data-uniq-id=\"avokk\" data-generated-css=\"brz-css-bmxes\">&nbsp;  <\/p>\n<\/div>\n<\/div>\n<\/div>\n<\/div>\n<\/div>\n<\/div>\n<\/div>\n<\/div>\n<\/div>\n<\/div>\n<\/div>\n<\/div>\n<\/div>\n<\/div>\n<\/div>\n<\/div>\n<\/section>\n<\/div>\n<p>    <!-- version:1694515400 --><\/p>\n","protected":false},"excerpt":{"rendered":"<p>Listes des Tache Apres la Formation [estimation_form form_id=\u00a0\u00bb12&Prime;] Listes des Tache Apres la Formation Taches Apr\u00e8s la formation\u00a0 Taches Apr\u00e8s [&hellip;]<\/p>\n","protected":false},"author":1,"featured_media":0,"parent":0,"menu_order":0,"comment_status":"closed","ping_status":"closed","template":"","meta":{"_et_pb_use_builder":"","_et_pb_old_content":"","_et_gb_content_width":"","footnotes":""},"class_list":["post-2237","page","type-page","status-publish","hentry"],"_links":{"self":[{"href":"https:\/\/globobd.net\/admin\/wp-json\/wp\/v2\/pages\/2237","targetHints":{"allow":["GET"]}}],"collection":[{"href":"https:\/\/globobd.net\/admin\/wp-json\/wp\/v2\/pages"}],"about":[{"href":"https:\/\/globobd.net\/admin\/wp-json\/wp\/v2\/types\/page"}],"author":[{"embeddable":true,"href":"https:\/\/globobd.net\/admin\/wp-json\/wp\/v2\/users\/1"}],"replies":[{"embeddable":true,"href":"https:\/\/globobd.net\/admin\/wp-json\/wp\/v2\/comments?post=2237"}],"version-history":[{"count":9,"href":"https:\/\/globobd.net\/admin\/wp-json\/wp\/v2\/pages\/2237\/revisions"}],"predecessor-version":[{"id":2328,"href":"https:\/\/globobd.net\/admin\/wp-json\/wp\/v2\/pages\/2237\/revisions\/2328"}],"wp:attachment":[{"href":"https:\/\/globobd.net\/admin\/wp-json\/wp\/v2\/media?parent=2237"}],"curies":[{"name":"wp","href":"https:\/\/api.w.org\/{rel}","templated":true}]}}