{"id":2267,"date":"2022-07-04T06:41:19","date_gmt":"2022-07-04T06:41:19","guid":{"rendered":"https:\/\/globobd.net\/admin\/?page_id=2267"},"modified":"2026-04-08T06:00:29","modified_gmt":"2026-04-08T06:00:29","slug":"avant-la-formation","status":"publish","type":"page","link":"https:\/\/globobd.net\/admin\/avant-la-formation\/","title":{"rendered":"avant la Formation"},"content":{"rendered":"<div class=\"brz-root__container brz-reset-all\">\n<section id=\"TACHE%2520FORMATIONit\" class=\"brz-section brz-css-mzm_Z brz-css-uWeu3\">\n<div class=\"brz-section__content brz-section--fullWidth brz-css-pBoQ5 brz-css-nZo3v\" data-brz-custom-id=\"rurcsymvlmnjrikrkpuyrbmltcvlhmpcixdw\">\n<div class=\"brz-container brz-css-p7VOY brz-css-bY0hJ\">\n<div id class=\"brz-css-hGK8Y brz-css-rDj6W brz-wrapper\">\n<div class=\"brz-rich-text brz-rich-text__custom brz-css-v1PzA\" data-brz-custom-id=\"wxesvynyijafrrautvzaasfpocegoyfwgmwn\">\n<div data-brz-translate-text=\"1\">\n<p class=\"brz-fs-lg-30 brz-ft-google brz-ff-montserrat brz-tp-lg-empty brz-lh-lg-1_4 brz-ls-lg-2_8 brz-fw-lg-400 brz-fss-lg-px brz-text-lg-center brz-bcp-color2 brz-mb-lg-0 brz-mt-lg-0 brz-css-lxwpR\" data-uniq-id=\"xeayn\" data-generated-css=\"brz-css-zheqn\"><strong>Listes des Tache avant la Formation 15-7-5-2<\/strong><\/p>\n<\/div>\n<\/div>\n<\/div>\n<div id class=\"brz-css-hGK8Y brz-css-qvpi7 brz-css-shFqu brz-wrapper\">\n<div class=\"brz-spacer brz-css-i5W_O brz-css-rjULx\"><\/div>\n<\/div>\n<div id class=\"brz-css-hGK8Y brz-wrapper\">\n<div class=\"brz-wp-shortcode brz-css-iafkw\" data-brz-custom-id=\"dbthggelcozmkbhedarryisqegbkaomezxzb\">\n<div>[estimation_form form_id=\"11\"]<\/div>\n<\/div>\n<\/div>\n<\/div>\n<\/div>\n<\/section>\n<section id=\"PLAND%2520SERVICE%20FORMATION\" class=\"brz-section brz-css-mzm_Z\">\n<div class=\"brz-section__content brz-section--boxed brz-css-pBoQ5 brz-css-hkA9F\" data-brz-custom-id=\"rdjgkmarkmyxircvdllvupxdifnsyyqqzlbs\">\n<div class=\"brz-container brz-css-p7VOY\">\n<div id class=\"brz-css-hGK8Y brz-wrapper\">\n<div class=\"brz-rich-text brz-rich-text__custom brz-css-v1PzA\" data-brz-custom-id=\"sayxpihngigrketskczuyqgyrpryabtqfmdo\">\n<div data-brz-translate-text=\"1\">\n<p class=\"brz-text-lg-center brz-fss-lg-px brz-fw-lg-400 brz-ls-lg-0 brz-lh-lg-1_9 brz-tp-lg-empty brz-ff-montserrat brz-ft-google brz-fs-lg-33 brz-css-vaHaH\" data-generated-css=\"brz-css-wrvke\" data-uniq-id=\"psdae\"><strong class=\"brz-cp-color7\">Listes des Tache avant la Formation 15-7-5-2<\/strong><\/p>\n<\/div>\n<\/div>\n<\/div>\n<div id class=\"brz-css-hGK8Y brz-css-qvpi7 brz-wrapper\">\n<div class=\"brz-spacer brz-css-i5W_O\"><\/div>\n<\/div>\n<div id class=\"brz-css-hGK8Y brz-wrapper\">\n<div data-brz-action=\"click\" class=\"brz-tabs brz-tabs--vertical brz-tabs--style-2 brz-tabs--left brz-css-sCxdW brz-css-tF2h8\" data-brz-custom-id=\"kvutszpyllyiycjzsvowclvaojzobueijphc\">\n<ul class=\"brz-tabs__nav brz-tabs__nav--vertical brz-tabs__nav--style-2 brz-tabs__nav--left\">\n<li class=\"brz-tabs__nav--item brz-tabs__nav--desktop brz-tabs__nav--active\">\n<div class=\"brz-tabs__nav--button\"><span data-brz-translate-text=\"1\" class=\"brz-span brz-text__editor\">Acceuil<\/span><\/div>\n<\/li>\n<li class=\"brz-tabs__nav--item brz-tabs__nav--desktop\">\n<div class=\"brz-tabs__nav--button\"><span data-brz-translate-text=\"1\" class=\"brz-span brz-text__editor\">Tache\u00a0une semaine avant la formation <\/span><\/div>\n<\/li>\n<li class=\"brz-tabs__nav--item brz-tabs__nav--desktop\">\n<div class=\"brz-tabs__nav--button\"><span data-brz-translate-text=\"1\" class=\"brz-span brz-text__editor\">Tache 3 jour avant la formation <\/span><\/div>\n<\/li>\n<li class=\"brz-tabs__nav--item brz-tabs__nav--desktop\">\n<div class=\"brz-tabs__nav--button\"><span data-brz-translate-text=\"1\" class=\"brz-span brz-text__editor\">Tach\u00e9 1 jour avant la formation<\/span><\/div>\n<\/li>\n<li class=\"brz-tabs__nav--item brz-tabs__nav--desktop\">\n<div class=\"brz-tabs__nav--button\"><span data-brz-translate-text=\"1\" class=\"brz-span brz-text__editor\">TACHE DES COETCH\u00a0<\/span><\/div>\n<\/li>\n<\/ul>\n<div class=\"brz-tabs__content brz-tabs__content--vertical brz-tabs__content--style-2 brz-tabs__content--left\">\n<div class=\"brz-tabs__items brz-tabs__items--active\">\n<div class=\"brz-tabs__nav--mobile brz-tabs__nav--mobile--active\">\n<div class=\"brz-tabs__nav--button\"><span>Acceuil<\/span><\/div>\n<\/div>\n<div class=\"brz-tabs__item--content brz-d-xs-flex brz-flex-xs-column\"><\/div>\n<\/div>\n<div class=\"brz-tabs__items\">\n<div class=\"brz-tabs__nav--mobile\">\n<div class=\"brz-tabs__nav--button\"><span>Tache\u00a0une semaine avant la formation <\/span><\/div>\n<\/div>\n<div class=\"brz-tabs__item--content brz-d-xs-flex brz-flex-xs-column\">\n<div id class=\"brz-css-hGK8Y brz-wrapper\">\n<div class=\"brz-rich-text brz-rich-text__custom brz-css-v1PzA\" data-brz-custom-id=\"kpuzytcgdmrhyklvrmrquvsgbyrlrfpnkswp\">\n<div data-brz-translate-text=\"1\">\n<p class=\"brz-tp-lg-paragraph brz-css-sgzqs\" data-generated-css=\"brz-css-nmwhe\" data-uniq-id=\"xmaow\">V\u00e9rifier  la disponibilit\u00e9 des scanners<\/p>\n<p data-generated-css=\"brz-css-nmwhe\" data-uniq-id=\"xmaow\" class=\"brz-tp-lg-paragraph brz-css-k8T7r\">\n<\/div>\n<\/div>\n<\/div>\n<div id class=\"brz-css-hGK8Y brz-wrapper\">\n<div class=\"brz-rich-text brz-rich-text__custom brz-css-v1PzA\" data-brz-custom-id=\"pzjvmzckvlagardnxaxouifqcflaeelrpvri\">\n<div data-brz-translate-text=\"1\">\n<p class=\"brz-tp-lg-paragraph brz-css-yblxw\" data-generated-css=\"brz-css-duftn\" data-uniq-id=\"hqpdd\">Imprimer les cours <\/p>\n<\/div>\n<\/div>\n<\/div>\n<div id class=\"brz-css-hGK8Y brz-wrapper\">\n<div class=\"brz-rich-text brz-rich-text__custom brz-css-v1PzA\" data-brz-custom-id=\"lxofgxcoswvhxezzzapmiztfjbmeigzuhkad\">\n<div data-brz-translate-text=\"1\">\n<p class=\"brz-tp-lg-paragraph brz-css-hwiwl\" data-generated-css=\"brz-css-lgthb\" data-uniq-id=\"raqrs\">Imprimer les contrats<\/p>\n<\/div>\n<\/div>\n<\/div>\n<div id class=\"brz-css-hGK8Y brz-wrapper\">\n<div class=\"brz-rich-text brz-rich-text__custom brz-css-v1PzA\" data-brz-custom-id=\"ysytngpmeuwwwaidozndasuzmsrrgbtcbkxb\">\n<div data-brz-translate-text=\"1\">\n<p class=\"brz-tp-lg-paragraph brz-css-li4Jj\" data-generated-css=\"brz-css-nvjrp\" data-uniq-id=\"wwnmx\">V\u00e9rifier la disponibilit\u00e9 des chambres h\u00f4tel<\/p>\n<p class=\"brz-tp-lg-paragraph brz-css-hZq1A\" data-generated-css=\"brz-css-lstkl\" data-uniq-id=\"zsygv\">Contacter  l\u2019h\u00f4tel 1 semaine avant la formation pour voir la disponibilit\u00e9 des chambres <\/p>\n<p class=\"brz-tp-lg-paragraph brz-css-eVsnl\" data-generated-css=\"brz-css-xtslx\" data-uniq-id=\"iziln\">Num de l\u2019h\u00f4tel&nbsp;:0555129521<\/p>\n<p data-generated-css=\"brz-css-oplvn\" data-uniq-id=\"kpkha\" class=\"brz-tp-lg-paragraph brz-css-it5gX\"><\/p>\n<\/div>\n<\/div>\n<\/div>\n<div id class=\"brz-css-hGK8Y brz-wrapper\">\n<div class=\"brz-rich-text brz-rich-text__custom brz-css-v1PzA\" data-brz-custom-id=\"nvpqqogbtqktvhakfnjeeieswheswdpxbkll\">\n<div data-brz-translate-text=\"1\">\n<p class=\"brz-tp-lg-paragraph brz-css-damnd\" data-generated-css=\"brz-css-uorbb\" data-uniq-id=\"hgpok\">Acheter les charges bureautiques (les rames de papier, cartouches de feutres, le<\/p>\n<p class=\"brz-tp-lg-paragraph brz-css-vTRDa\" data-generated-css=\"brz-css-uorbb\" data-uniq-id=\"hgpok\">papier de dipl\u00f4me, stylo, les chemises, sous chemise , les agrafes&nbsp;; les<\/p>\n<p class=\"brz-tp-lg-paragraph brz-css-yU7n5\" data-generated-css=\"brz-css-uorbb\" data-uniq-id=\"hgpok\">tonner de l\u2019imprimante )<\/p>\n<p class=\"brz-tp-lg-paragraph brz-css-tmiHq\" data-generated-css=\"brz-css-uorbb\" data-uniq-id=\"hgpok\">\n<p class=\"brz-tp-lg-paragraph brz-css-lSjmM\" data-generated-css=\"brz-css-uorbb\" data-uniq-id=\"hgpok\">\n<\/div>\n<\/div>\n<\/div>\n<\/div>\n<\/div>\n<div class=\"brz-tabs__items\">\n<div class=\"brz-tabs__nav--mobile\">\n<div class=\"brz-tabs__nav--button\"><span>Tache 3 jour avant la formation <\/span><\/div>\n<\/div>\n<div class=\"brz-tabs__item--content brz-d-xs-flex brz-flex-xs-column\">\n<div id class=\"brz-css-hGK8Y brz-wrapper\">\n<div class=\"brz-accordion brz-css-bbWyd\" data-brz-duration=\"300\" data-brz-custom-id=\"aavwjbnizmbhvyegjgtwzkqondzerqwptpmc\">\n<div class=\"brz-accordion__item brz-accordion__item--active\">\n<div class=\"brz-accordion__nav\" data-brz-collapsible=\"on\"><span data-brz-translate-text=\"1\" class=\"brz-accordion__nav-title brz-span brz-text__editor\">  Appeler les  stagiaire inscrits pour confirmer le jour et l\u2019heure du d\u00e9but de formation                                                                                                                                                                                                                       <\/span><\/div>\n<div class=\"brz-accordion__content brz-d-xs-flex brz-flex-xs-column\">\n<div class=\"brz-accordion__item-content brz-d-xs-flex brz-flex-xs-column\">\n<div id class=\"brz-css-hGK8Y brz-wrapper\">\n<div class=\"brz-rich-text brz-rich-text__custom brz-css-v1PzA\" data-brz-custom-id=\"vvfrcwgzxeiafyfhkebpbfmslsllwedhrbmw\">\n<div data-brz-translate-text=\"1\">\n<p class=\"brz-tp-lg-paragraph brz-css-u7hpU\" data-generated-css=\"brz-css-ikxdo\" data-uniq-id=\"tkgyd\"><span class=\"brz-cp-color7\">Responsable de la tache :<\/span><\/p>\n<\/div>\n<\/div>\n<\/div>\n<\/div>\n<\/div>\n<\/div>\n<div class=\"brz-accordion__item\">\n<div class=\"brz-accordion__nav\" data-brz-collapsible=\"on\"><span data-brz-translate-text=\"1\" class=\"brz-accordion__nav-title brz-span brz-text__editor\">  Appeler les formateurs                                                                                                                                                                                                      <\/span><\/div>\n<div class=\"brz-accordion__content brz-d-xs-flex brz-flex-xs-column\">\n<div class=\"brz-accordion__item-content brz-d-xs-flex brz-flex-xs-column\">\n<div id class=\"brz-css-hGK8Y brz-wrapper\">\n<div class=\"brz-rich-text brz-rich-text__custom brz-css-v1PzA\" data-brz-custom-id=\"ewbqobkwpdblzogkdmglmvxvybzhdtvryilf\">\n<div data-brz-translate-text=\"1\">\n<p class=\"brz-tp-lg-paragraph brz-css-qgHGc\" data-uniq-id=\"rwrgr\" data-generated-css=\"brz-css-nbwre\"><span class=\"brz-cp-color7\">confirmer la date de formation .<\/span><\/p>\n<p class=\"brz-tp-lg-paragraph brz-css-be6GG\" data-uniq-id=\"rwrgr\" data-generated-css=\"brz-css-nbwre\"><span class=\"brz-cp-color7\">Responsable de la tache  <\/span><\/p>\n<\/div>\n<\/div>\n<\/div>\n<\/div>\n<\/div>\n<\/div>\n<\/div>\n<\/div>\n<\/div>\n<\/div>\n<div class=\"brz-tabs__items\">\n<div class=\"brz-tabs__nav--mobile\">\n<div class=\"brz-tabs__nav--button\"><span>Tach\u00e9 1 jour avant la formation<\/span><\/div>\n<\/div>\n<div class=\"brz-tabs__item--content brz-d-xs-flex brz-flex-xs-column\">\n<div id class=\"brz-css-hGK8Y brz-wrapper\">\n<div class=\"brz-accordion brz-css-bbWyd\" data-brz-duration=\"300\" data-brz-custom-id=\"rjwhoibgavlmypaajnghgyagubhblzswxqrs\">\n<div class=\"brz-accordion__item brz-accordion__item--active\">\n<div class=\"brz-accordion__nav\" data-brz-collapsible=\"on\"><span data-brz-translate-text=\"1\" class=\"brz-accordion__nav-title brz-span brz-text__editor\">  Pr\u00e9parer la salle de formation                                                                                                                                                                                                   <\/span><\/div>\n<div class=\"brz-accordion__content brz-d-xs-flex brz-flex-xs-column\">\n<div class=\"brz-accordion__item-content brz-d-xs-flex brz-flex-xs-column\">\n<div id class=\"brz-css-hGK8Y brz-wrapper\">\n<div class=\"brz-rich-text brz-rich-text__custom brz-css-v1PzA\" data-brz-custom-id=\"utgyedldmsbfwwltljsvpavgqlyxbusdrvvz\">\n<div data-brz-translate-text=\"1\">\n<p class=\"brz-tp-lg-paragraph brz-css-yVsNp\" data-uniq-id=\"xljgq\" data-generated-css=\"brz-css-tbocl\"><span class=\"brz-cp-color7\">Organiser les tables et les chaises selon le nombre des inscrits <\/span><\/p>\n<p class=\"brz-tp-lg-paragraph brz-css-kz_Wo\" data-uniq-id=\"xwopj\" data-generated-css=\"brz-css-uturr\"><span class=\"brz-cp-color7\">Pr\u00e9parer le mat\u00e9riel <\/span><\/p>\n<p class=\"brz-tp-lg-paragraph brz-css-qWe6u\" data-uniq-id=\"bhxrt\" data-generated-css=\"brz-css-wvtvp\"><span class=\"brz-cp-color7\">v\u00e9rifier la disponibilit\u00e9 des marqueurs .<\/span><\/p>\n<p class=\"brz-tp-lg-paragraph brz-css-egeSC\" data-uniq-id=\"xswip\" data-generated-css=\"brz-css-jvewc\"><span class=\"brz-cp-color7\">Responsable de la tache  :<\/span><\/p>\n<\/div>\n<\/div>\n<\/div>\n<\/div>\n<\/div>\n<\/div>\n<\/div>\n<\/div>\n<\/div>\n<\/div>\n<div class=\"brz-tabs__items\">\n<div class=\"brz-tabs__nav--mobile\">\n<div class=\"brz-tabs__nav--button\"><span>TACHE DES COETCH\u00a0<\/span><\/div>\n<\/div>\n<div class=\"brz-tabs__item--content brz-d-xs-flex brz-flex-xs-column\">\n<div id class=\"brz-css-hGK8Y brz-wrapper\">\n<div class=\"brz-accordion brz-css-bbWyd\" data-brz-duration=\"300\" data-brz-custom-id=\"yuvsjjrxxchqjsaozcsgopejipflvuchqjpz\">\n<div class=\"brz-accordion__item brz-accordion__item--active\">\n<div class=\"brz-accordion__nav\" data-brz-collapsible=\"on\"><span data-brz-translate-text=\"1\" class=\"brz-accordion__nav-title brz-span brz-text__editor\">Accordion 1<\/span><\/div>\n<div class=\"brz-accordion__content brz-d-xs-flex brz-flex-xs-column\">\n<div class=\"brz-accordion__item-content brz-d-xs-flex brz-flex-xs-column\">\n<div class=\"brz-wrapper-clone brz-css-liphe\">\n<div class=\"brz-d-xs-flex brz-flex-xs-wrap brz-css-bjuJV\" data-brz-custom-id>\n<div class=\"brz-wrapper-clone__item\" id=\"ripqzchqpjzuooxnlvtscnzqunjhwspuqzih\">\n<div class=\"brz-icon__container\" data-brz-custom-id=\"ripqzchqpjzuooxnlvtscnzqunjhwspuqzih\"><span class=\"brz-icon brz-span brz-css-raN4_\"><\/span><\/div>\n<\/div>\n<\/div>\n<\/div>\n<\/div>\n<\/div>\n<\/div>\n<div class=\"brz-accordion__item\">\n<div class=\"brz-accordion__nav\" data-brz-collapsible=\"on\"><span data-brz-translate-text=\"1\" class=\"brz-accordion__nav-title brz-span brz-text__editor\">Accordion 2<\/span><\/div>\n<div class=\"brz-accordion__content brz-d-xs-flex brz-flex-xs-column\">\n<div class=\"brz-accordion__item-content brz-d-xs-flex brz-flex-xs-column\">\n<div class=\"brz-wrapper-clone brz-css-liphe\">\n<div class=\"brz-d-xs-flex brz-flex-xs-wrap brz-css-bjuJV\" data-brz-custom-id>\n<div class=\"brz-wrapper-clone__item\" id=\"wkjneeuxkynvyoyixxtbjuvajzjhnxbmjftc\"><a class=\"brz-a brz-btn brz-css-twmzU\" href target=\"_self\" rel=\"noopener\" data-brz-link-type=\"external\" data-brz-custom-id=\"wkjneeuxkynvyoyixxtbjuvajzjhnxbmjftc\"><span data-brz-translate-text=\"1\" class=\"brz-span brz-text__editor\">BUTTON<\/span><\/a><\/div>\n<\/div>\n<\/div>\n<\/div>\n<\/div>\n<\/div>\n<div class=\"brz-accordion__item\">\n<div class=\"brz-accordion__nav\" data-brz-collapsible=\"on\"><span data-brz-translate-text=\"1\" class=\"brz-accordion__nav-title brz-span brz-text__editor\">Accordion 2<\/span><\/div>\n<div class=\"brz-accordion__content brz-d-xs-flex brz-flex-xs-column\">\n<div class=\"brz-accordion__item-content brz-d-xs-flex brz-flex-xs-column\">\n<div class=\"brz-wrapper-clone brz-css-liphe\">\n<div class=\"brz-d-xs-flex brz-flex-xs-wrap brz-css-bjuJV\" data-brz-custom-id>\n<div class=\"brz-wrapper-clone__item\" id=\"tegjvdoxqqmwjfltqqkutbsigetqdkgfhnyk\"><a class=\"brz-a brz-btn brz-css-twmzU\" href target=\"_self\" rel=\"noopener\" data-brz-link-type=\"external\" data-brz-custom-id=\"tegjvdoxqqmwjfltqqkutbsigetqdkgfhnyk\"><span data-brz-translate-text=\"1\" class=\"brz-span brz-text__editor\">BUTTON<\/span><\/a><\/div>\n<\/div>\n<\/div>\n<\/div>\n<\/div>\n<\/div>\n<\/div>\n<\/div>\n<div class=\"brz-wrapper-clone brz-css-liphe\">\n<div class=\"brz-d-xs-flex brz-flex-xs-wrap brz-css-bjuJV\" data-brz-custom-id>\n<div class=\"brz-wrapper-clone__item\" id=\"txxzrtgubmptsdzqcqhhdbhqlkxicjtkzpzq\"><a class=\"brz-a brz-btn brz-css-twmzU\" href target=\"_self\" rel=\"noopener\" data-brz-link-type=\"external\" data-brz-custom-id=\"txxzrtgubmptsdzqcqhhdbhqlkxicjtkzpzq\"><span data-brz-translate-text=\"1\" class=\"brz-span brz-text__editor\">BUTTON<\/span><\/a><\/div>\n<\/div>\n<\/div>\n<\/div>\n<\/div>\n<\/div>\n<\/div>\n<\/div>\n<\/div>\n<\/div>\n<\/section>\n<\/div>\n<p>    <!-- version:1715519863 --><\/p>\n","protected":false},"excerpt":{"rendered":"<p>Listes des Tache avant la Formation 15-7-5-2 [estimation_form form_id=\u00a0\u00bb11&Prime;] Listes des Tache avant la Formation 15-7-5-2 Acceuil Tache\u00a0une semaine avant [&hellip;]<\/p>\n","protected":false},"author":1,"featured_media":0,"parent":0,"menu_order":0,"comment_status":"closed","ping_status":"closed","template":"","meta":{"_et_pb_use_builder":"","_et_pb_old_content":"","_et_gb_content_width":"","footnotes":""},"class_list":["post-2267","page","type-page","status-publish","hentry"],"_links":{"self":[{"href":"https:\/\/globobd.net\/admin\/wp-json\/wp\/v2\/pages\/2267","targetHints":{"allow":["GET"]}}],"collection":[{"href":"https:\/\/globobd.net\/admin\/wp-json\/wp\/v2\/pages"}],"about":[{"href":"https:\/\/globobd.net\/admin\/wp-json\/wp\/v2\/types\/page"}],"author":[{"embeddable":true,"href":"https:\/\/globobd.net\/admin\/wp-json\/wp\/v2\/users\/1"}],"replies":[{"embeddable":true,"href":"https:\/\/globobd.net\/admin\/wp-json\/wp\/v2\/comments?post=2267"}],"version-history":[{"count":11,"href":"https:\/\/globobd.net\/admin\/wp-json\/wp\/v2\/pages\/2267\/revisions"}],"predecessor-version":[{"id":2327,"href":"https:\/\/globobd.net\/admin\/wp-json\/wp\/v2\/pages\/2267\/revisions\/2327"}],"wp:attachment":[{"href":"https:\/\/globobd.net\/admin\/wp-json\/wp\/v2\/media?parent=2267"}],"curies":[{"name":"wp","href":"https:\/\/api.w.org\/{rel}","templated":true}]}}