{"id":2972,"date":"2023-06-21T14:54:02","date_gmt":"2023-06-21T14:54:02","guid":{"rendered":"https:\/\/globobd.net\/admin\/?page_id=2972"},"modified":"2026-04-08T06:34:12","modified_gmt":"2026-04-08T06:34:12","slug":"info-bancaire","status":"publish","type":"page","link":"https:\/\/globobd.net\/admin\/info-bancaire\/","title":{"rendered":"Info bancaire"},"content":{"rendered":"<div class=\"brz-root__container brz-reset-all brz\">\n<section id=\"_dwmcjkppisuwichbpumfllkskbmbubniprfb\" class=\"brz-section brz-css-k0kkh\">\n<div class=\"brz-section__content brz-section--boxed brz-css-m5Dx0 brz-css-toXxu\" data-brz-custom-id=\"zgqgritnibatjsvuaxmusdcwfhilhgyyozmh\">\n<div class=\"brz-bg\">\n<div class=\"brz-bg-color\"><\/div>\n<\/div>\n<div class=\"brz-container brz-css-kEr_y brz-css-g_VoL\">\n<div id=\"\" class=\"brz-css-o2vw9 brz-css-x9Xji brz-wrapper\">\n<div class=\"brz-rich-text brz-rich-text__custom brz-css-nn6vy\" data-brz-custom-id=\"epfjkwgmxltenvbomtcvwxzdvzbrpaqedkam\">\n<div data-brz-translate-text=\"1\">\n<h1 class=\"brz-lh-lg-1_3 brz-ls-lg-m_1_5 brz-fw-lg-400 brz-fss-lg-px brz-fs-lg-30 brz-ft-google brz-ff-montserrat brz-tp-lg-empty ql-align-center brz-text-lg-center brz-mt-lg-0 brz-mb-lg-19 brz-css-uWanB\" data-uniq-id=\"eyvgj\" data-generated-css=\"brz-css-avcti\"><strong class=\"brz-cp-color2\">Coordonn\u00e9es Bancaires<\/strong><\/h1>\n<\/div>\n<\/div>\n<\/div>\n<div id=\"\" class=\"brz-css-o2vw9 brz-css-cWhO1 brz-wrapper\">\n<div class=\"brz-rich-text brz-rich-text__custom brz-css-nn6vy\" data-brz-custom-id=\"sfkcjvayjhcgqltmforpqjaspreriysbeqik\">\n<div data-brz-translate-text=\"1\">\n<p class=\"ql-align-center brz-text-lg-center brz-tp-lg-empty brz-ff-montserrat brz-ft-google brz-fs-lg-14 brz-fss-lg-px brz-fw-lg-400 brz-ls-lg-0 brz-lh-lg-1_8 brz-css-pNN8p\" data-generated-css=\"brz-css-trqeo\" data-uniq-id=\"kpbrz\"><span class=\"brz-cp-color2\" style=\"opacity: 1\">Afin&nbsp;de vous faciliter les op\u00e9rations de&nbsp;paiement, Pri\u00e8re de nous envoyer votre re\u00e7u de versement&nbsp;via Viber ou WhatsApp&nbsp;pour valider votre paiement.<\/span><\/p>\n<p class=\"ql-align-center brz-text-lg-center brz-tp-lg-empty brz-ff-montserrat brz-ft-google brz-fs-lg-14 brz-fss-lg-px brz-fw-lg-400 brz-ls-lg-0 brz-lh-lg-1_8 brz-css-yd8la\" data-generated-css=\"brz-css-zxwiq\" data-uniq-id=\"lsrrf\"><span class=\"brz-cp-color2\" style=\"opacity: 1\">&nbsp;Num\u00e9ro de Viber et WhatsApp :&nbsp;+213 556 932 023<\/span><\/p>\n<p class=\"brz-tp-lg-subtitle brz-text-lg-center brz-css-b7X06\" data-generated-css=\"brz-css-haajg\" data-uniq-id=\"gzsiy\"><\/p>\n<\/div>\n<\/div>\n<\/div>\n<div id=\"\" class=\"brz-css-o2vw9 brz-css-pumNC brz-css-zECmQ brz-wrapper\">\n<div class=\"brz-spacer brz-css-iAvzw brz-css-vSe7t\"><\/div>\n<\/div>\n<div class=\"brz-row__container brz-css-fbK19\" data-brz-custom-id=\"qgrmzymslzvjricmvvcoukawobnfohwgdmvi\">\n<div class=\"brz-bg\"><\/div>\n<div class=\"brz-row brz-css-xBzr7 brz-css-iEL6h\">\n<div class=\"brz-columns brz-css-zi1sC brz-css-m4vVu\" data-brz-custom-id=\"irozfqzrxofwnfrshxrghzygzqgsavntyzvl\">\n<div class=\"brz-bg\"><\/div>\n<div class=\"brz-column__items brz-css-yVbIN brz-css-poyXj\">\n<div class=\"brz-row__container brz-css-fbK19\" data-brz-custom-id=\"ulitpitycejmqffxmrcihsmxhwlnrtizrjnc\">\n<div class=\"brz-bg\"><\/div>\n<div class=\"brz-row brz-row--inner brz-css-xBzr7 brz-css-iEL6h\">\n<div class=\"brz-columns brz-css-zi1sC brz-css-iAicj\" data-brz-custom-id=\"wameyvkcnnkqxuomllzvdraxecjafbkcqafx\">\n<div class=\"brz-bg\"><\/div>\n<div class=\"brz-column__items brz-css-yVbIN brz-css-bTH0t\">\n<div id=\"\" class=\"brz-css-o2vw9 brz-wrapper\">\n<div class=\"brz-rich-text brz-rich-text__custom brz-css-nn6vy\" data-brz-custom-id=\"dnfddmmtiwkhhergnpfocwyalkorykjthzgc\">\n<div data-brz-translate-text=\"1\">\n<h2 class=\"brz-fs-lg-20 brz-ft-google brz-ff-montserrat brz-tp-lg-empty brz-lh-lg-1_4 brz-ls-lg-m_1 brz-fw-lg-400 brz-fss-lg-px brz-text-xs-justify brz-fss-xs-px brz-fw-xs-400 brz-ls-xs-m_1 brz-lh-xs-1_4 brz-tp-xs-empty brz-fs-xs-19 brz-css-fal0G\" data-uniq-id=\"ahrwl\" data-generated-css=\"brz-css-fxmrf\"><strong class=\"brz-cp-color2\">  Alg\u00e9rie Poste CCP :<\/strong><\/h2>\n<\/div>\n<\/div>\n<\/div>\n<div id=\"\" class=\"brz-css-o2vw9 brz-css-dpDnH brz-wrapper\">\n<div class=\"brz-rich-text brz-rich-text__custom brz-css-nn6vy\" data-brz-custom-id=\"piucteicbgxznvfmkcmjcejyxbwwuhesttrt\">\n<div data-brz-translate-text=\"1\">\n<p class=\"brz-tp-lg-empty brz-ff-red_hat_text brz-ft-google brz-fs-lg-15 brz-fss-lg-px brz-fw-lg-400 brz-ls-lg-0 brz-lh-lg-1_9 brz-text-xs-justify brz-css-m9klD\" data-generated-css=\"brz-css-gjfva\" data-uniq-id=\"gzcos\"><strong class=\"brz-cp-color7\" style=\"background-color: transparent\">  Nom&nbsp;du compte :&nbsp;<\/strong><span class=\"brz-cp-color7\" style=\"background-color: transparent\">HAOUA MOHAMED AMINE&nbsp;<\/span><\/p>\n<p class=\"brz-tp-lg-empty brz-ff-red_hat_text brz-ft-google brz-fs-lg-15 brz-fss-lg-px brz-fw-lg-400 brz-ls-lg-0 brz-lh-lg-1_9 brz-text-xs-justify brz-css-imfNz\" data-generated-css=\"brz-css-qqdoy\" data-uniq-id=\"iggeu\"><strong class=\"brz-cp-color7\" style=\"background-color: transparent\">  Compte :<\/strong><span class=\"brz-cp-color7\" style=\"background-color: transparent\">&nbsp;0022828120&nbsp;<\/span><strong class=\"brz-cp-color7\" style=\"background-color: transparent\">Cl\u00e9<\/strong><span class=\"brz-cp-color7\" style=\"background-color: transparent\">&nbsp;: 77<\/span><\/p>\n<p class=\"brz-tp-lg-empty brz-ff-red_hat_text brz-ft-google brz-fs-lg-15 brz-fss-lg-px brz-fw-lg-400 brz-ls-lg-0 brz-lh-lg-1_9 brz-text-xs-justify brz-css-xO6M1\" data-generated-css=\"brz-css-jwogk\" data-uniq-id=\"dlmya\"><strong class=\"brz-cp-color7\" style=\"background-color: transparent\">  Rip<\/strong><span class=\"brz-cp-color7\" style=\"background-color: transparent\">&nbsp;: 00799999002282812077<\/span><\/p>\n<\/div>\n<\/div>\n<\/div>\n<\/div>\n<\/div>\n<\/div>\n<\/div>\n<div id=\"\" class=\"brz-css-o2vw9 brz-css-pumNC brz-css-xjOfn brz-wrapper\">\n<div class=\"brz-spacer brz-css-iAvzw brz-css-c9vrc\"><\/div>\n<\/div>\n<div class=\"brz-row__container brz-css-fbK19\" data-brz-custom-id=\"polgtkmxsbcjurdbqwlkldxkngkqqicnmiis\">\n<div class=\"brz-bg\"><\/div>\n<div class=\"brz-row brz-row--inner brz-css-xBzr7 brz-css-iEL6h\">\n<div class=\"brz-columns brz-css-zi1sC brz-css-kQNa4\" data-brz-custom-id=\"cwgpagxxwdqqvsabwbezcoghmqexwfqblotw\">\n<div class=\"brz-bg\"><\/div>\n<div class=\"brz-column__items brz-css-yVbIN brz-css-rG5wZ\">\n<div id=\"\" class=\"brz-css-o2vw9 brz-wrapper\">\n<div class=\"brz-rich-text brz-rich-text__custom brz-css-nn6vy\" data-brz-custom-id=\"krftuizjkdenzgfxsnmqzwzrawryqpsgzzay\">\n<div data-brz-translate-text=\"1\">\n<h2 class=\"brz-lh-lg-1_4 brz-ls-lg-m_1 brz-fw-lg-400 brz-fss-lg-px brz-fs-lg-20 brz-ft-google brz-ff-montserrat brz-tp-lg-empty brz-text-xs-justify brz-tp-xs-empty brz-fs-xs-19 brz-fss-xs-px brz-fw-xs-400 brz-ls-xs-m_1 brz-lh-xs-1_4 brz-css-dmTLQ\" data-uniq-id=\"kvajn\" data-generated-css=\"brz-css-tajvq\"><strong class=\"brz-cp-color2\">  Soci\u00e9t\u00e9&nbsp;G\u00e9n\u00e9rale&nbsp;:<\/strong><\/h2>\n<\/div>\n<\/div>\n<\/div>\n<div id=\"\" class=\"brz-css-o2vw9 brz-css-pITNe brz-wrapper\">\n<div class=\"brz-rich-text brz-rich-text__custom brz-css-nn6vy\" data-brz-custom-id=\"yvsdtjbdlyizahksbkkrlcqvqlbzxgxjxixz\">\n<div data-brz-translate-text=\"1\">\n<p class=\"brz-tp-xs-empty brz-fs-xs-15 brz-fss-xs-px brz-fw-xs-500 brz-ls-xs-0 brz-lh-xs-1_6 brz-tp-lg-empty brz-ff-red_hat_text brz-ft-google brz-fs-lg-15 brz-fss-lg-px brz-fw-lg-400 brz-ls-lg-0 brz-lh-lg-1_9 brz-text-xs-justify brz-css-pI1Fk\" data-generated-css=\"brz-css-vixxs\" data-uniq-id=\"elseo\"><strong class=\"brz-cp-color7\" style=\"background-color: transparent\">  Adresse :<\/strong><span class=\"brz-cp-color7\" style=\"background-color: transparent\">&nbsp;Agence de DRARIA&nbsp;42 Rue Boudjamma Temmime. Draria.<\/span><\/p>\n<p class=\"brz-tp-lg-empty brz-ff-red_hat_text brz-ft-google brz-fs-lg-15 brz-fss-lg-px brz-fw-lg-400 brz-ls-lg-0 brz-lh-lg-1_9 brz-text-xs-justify brz-css-xL6Va\" data-generated-css=\"brz-css-ygtna\" data-uniq-id=\"dmwam\"><strong class=\"brz-cp-color7\" style=\"background-color: transparent\">  Soci\u00e9t\u00e9 :<\/strong><span class=\"brz-cp-color7\" style=\"background-color: transparent\">&nbsp;Globytech&nbsp;<\/span><\/p>\n<p class=\"brz-tp-lg-empty brz-ff-red_hat_text brz-ft-google brz-fs-lg-15 brz-fss-lg-px brz-fw-lg-400 brz-ls-lg-0 brz-lh-lg-1_9 brz-text-xs-justify brz-css-gEmAf\" data-generated-css=\"brz-css-lpuui\" data-uniq-id=\"zzbkb\"><strong class=\"brz-cp-color7\" style=\"background-color: transparent\">  Compte&nbsp;:&nbsp;<\/strong><span class=\"brz-cp-color7\" style=\"background-color: transparent\">1130032580 Cl\u00e9 : 12<\/span><\/p>\n<\/div>\n<\/div>\n<\/div>\n<\/div>\n<\/div>\n<\/div>\n<\/div>\n<div id=\"\" class=\"brz-css-o2vw9 brz-css-pumNC brz-css-fIZ5V brz-wrapper\">\n<div class=\"brz-spacer brz-css-iAvzw brz-css-ucEQP\"><\/div>\n<\/div>\n<\/div>\n<\/div>\n<div class=\"brz-columns brz-css-zi1sC brz-css-q0pBo\" data-brz-custom-id=\"bfojimibmhdydkvvlhpqvichhxrbdndjqiup\">\n<div class=\"brz-bg\">\n<div class=\"brz-bg-color\"><\/div>\n<\/div>\n<div class=\"brz-column__items brz-css-yVbIN brz-css-mIMJo\">\n<div class=\"brz-row__container brz-css-fbK19\" data-brz-custom-id=\"vvnxanwfbadkhhthsqspjfpsnqcvsttexcxj\">\n<div class=\"brz-bg\"><\/div>\n<div class=\"brz-row brz-row--inner brz-css-xBzr7 brz-css-iEL6h\">\n<div class=\"brz-columns brz-css-zi1sC brz-css-tL2OV\" data-brz-custom-id=\"nbxjlibqbgggljbvwzupmmhmqnnnjmcocrvi\">\n<div class=\"brz-bg\"><\/div>\n<div class=\"brz-column__items brz-css-yVbIN brz-css-jENJv\">\n<div id=\"\" class=\"brz-css-o2vw9 brz-css-pumNC brz-wrapper\">\n<div class=\"brz-spacer brz-css-iAvzw brz-css-zf1bK\"><\/div>\n<\/div>\n<div class=\"brz-wrapper-clone brz-css-cbz4q\">\n<div class=\"brz-d-xs-flex brz-flex-xs-wrap brz-css-aUpWu\" data-brz-custom-id=\"\">\n<div class=\"brz-wrapper-clone__item\" id=\"tuqterlyeuklpjojlwfheniatkgqrmrucigq\">\n<div class=\"brz-icon__container\" data-brz-custom-id=\"tuqterlyeuklpjojlwfheniatkgqrmrucigq\">\n<div class=\"brz-hover-animation__container\" data-brz-hover-animationid=\"kdamueujmuzxnyozhrjztfawwecjtrqigzrz\" data-brz-hover-options=\"%7B%22duration%22:600,%22iterations%22:1%7D\" data-brz-hover-reversible=\"true\" data-brz-hover-target=\"%22firstChild%22\"><span class=\"brz-icon brz-span brz-css-mWqpt brz-css-xsXEO\"><\/span><\/div>\n<\/div>\n<\/div>\n<\/div>\n<\/div>\n<div id=\"\" class=\"brz-css-o2vw9 brz-wrapper\">\n<div class=\"brz-rich-text brz-rich-text__custom brz-css-nn6vy\" data-brz-custom-id=\"lntkttmjbbcvvcyabdffkyscavjpptdrdzmt\">\n<div data-brz-translate-text=\"1\">\n<p class=\"brz-tp-lg-button brz-mb-lg-10 brz-text-lg-center brz-fss-xs-px brz-fw-xs-500 brz-ls-xs-1 brz-lh-xs-1_6 brz-tp-xs-empty brz-fs-xs-21 brz-css-hCTx7\" data-uniq-id=\"yjfrv\" data-generated-css=\"brz-css-hmitt\"><span class=\"brz-cp-color8\">SUPPORT<\/span><\/p>\n<\/div>\n<\/div>\n<\/div>\n<div id=\"\" class=\"brz-css-o2vw9 brz-wrapper\">\n<div class=\"brz-rich-text brz-rich-text__custom brz-css-nn6vy\" data-brz-custom-id=\"gbqadqrstjogmishtyzjzbjqptqjlbgaezba\">\n<div data-brz-translate-text=\"1\">\n<h4 class=\"brz-tp-lg-heading4 brz-text-lg-center brz-css-zGFiA\" data-uniq-id=\"lkocd\" data-generated-css=\"brz-css-yfadw\"><span style=\"opacity: 1\">+ 213 556 932 023<\/span><\/h4>\n<p class=\"brz-text-lg-center brz-css-yN8ud\" data-uniq-id=\"xxqeb\" data-generated-css=\"brz-css-hurfm\"><\/p>\n<\/div>\n<\/div>\n<\/div>\n<div id=\"\" class=\"brz-css-o2vw9 brz-css-gukl2 brz-wrapper\">\n<div class=\"brz-rich-text brz-rich-text__custom brz-css-nn6vy\" data-brz-custom-id=\"hkiyyjnyfmdaifaicisajftxkjwfazbhezyn\">\n<div data-brz-translate-text=\"1\">\n<p class=\"brz-text-lg-center brz-tp-lg-paragraph brz-css-yjKh9\" data-uniq-id=\"ksynp\" data-generated-css=\"brz-css-moeew\"><span class=\"brz-cp-color8\" style=\"background-color: transparent\">Phone:&nbsp;09:00 - 16:00<\/span><\/p>\n<p class=\"brz-text-lg-center brz-tp-lg-paragraph brz-mb-lg-20 brz-css-cZIQw\" data-uniq-id=\"efgeu\" data-generated-css=\"brz-css-rpkwv\"><span class=\"brz-cp-color8\" style=\"background-color: transparent\">Intercom: 6 \/ 7<\/span><\/p>\n<\/div>\n<\/div>\n<\/div>\n<div class=\"brz-wrapper-clone brz-css-cbz4q\">\n<div class=\"brz-d-xs-flex brz-flex-xs-wrap brz-css-aUpWu\" data-brz-custom-id=\"\">\n<div class=\"brz-wrapper-clone__item\" id=\"mkylkbomribpxkrksjjstnioamdorevhssgx\">\n<div class=\"brz-hover-animation__container\" data-brz-hover-animationid=\"lcussznsoogpfawgadmqcivbcvdzqlxlrmmf\" data-brz-hover-options=\"%7B%22duration%22:600,%22iterations%22:1%7D\" data-brz-hover-reversible=\"true\" data-brz-hover-target=\"%22firstChild%22\"><a class=\"brz-a brz-btn brz-css-xvPHd brz-css-oM6GH brz-css-ruI8k brz-css-fpHGC\" href=\"https:\/\/globobd.com\/files\/public\/ticket\/create_ticket.php\" target=\"_self\" rel=\"noopener\" data-brz-link-type=\"external\" data-brz-custom-id=\"mkylkbomribpxkrksjjstnioamdorevhssgx\"><span data-brz-translate-text=\"1\" class=\"brz-span brz-text__editor\">SUPPORT<\/span><\/a><\/div>\n<\/div>\n<\/div>\n<\/div>\n<div id=\"\" class=\"brz-css-o2vw9 brz-css-pumNC brz-wrapper\">\n<div class=\"brz-spacer brz-css-iAvzw brz-css-tbqz3\"><\/div>\n<\/div>\n<\/div>\n<\/div>\n<\/div>\n<\/div>\n<\/div>\n<\/div>\n<\/div>\n<\/div>\n<\/div>\n<\/div>\n<\/section>\n<\/div>\n<p>    <!-- version:1732828123 --><\/p>\n","protected":false},"excerpt":{"rendered":"<p>Coordonn\u00e9es Bancaires Afin&nbsp;de vous faciliter les op\u00e9rations de&nbsp;paiement, Pri\u00e8re de nous envoyer votre re\u00e7u de versement&nbsp;via Viber ou WhatsApp&nbsp;pour valider [&hellip;]<\/p>\n","protected":false},"author":1,"featured_media":0,"parent":0,"menu_order":0,"comment_status":"closed","ping_status":"closed","template":"","meta":{"_et_pb_use_builder":"","_et_pb_old_content":"","_et_gb_content_width":"","footnotes":""},"class_list":["post-2972","page","type-page","status-publish","hentry"],"_links":{"self":[{"href":"https:\/\/globobd.net\/admin\/wp-json\/wp\/v2\/pages\/2972","targetHints":{"allow":["GET"]}}],"collection":[{"href":"https:\/\/globobd.net\/admin\/wp-json\/wp\/v2\/pages"}],"about":[{"href":"https:\/\/globobd.net\/admin\/wp-json\/wp\/v2\/types\/page"}],"author":[{"embeddable":true,"href":"https:\/\/globobd.net\/admin\/wp-json\/wp\/v2\/users\/1"}],"replies":[{"embeddable":true,"href":"https:\/\/globobd.net\/admin\/wp-json\/wp\/v2\/comments?post=2972"}],"version-history":[{"count":21,"href":"https:\/\/globobd.net\/admin\/wp-json\/wp\/v2\/pages\/2972\/revisions"}],"predecessor-version":[{"id":4550,"href":"https:\/\/globobd.net\/admin\/wp-json\/wp\/v2\/pages\/2972\/revisions\/4550"}],"wp:attachment":[{"href":"https:\/\/globobd.net\/admin\/wp-json\/wp\/v2\/media?parent=2972"}],"curies":[{"name":"wp","href":"https:\/\/api.w.org\/{rel}","templated":true}]}}