{"id":5131,"date":"2023-11-23T15:28:35","date_gmt":"2023-11-23T15:28:35","guid":{"rendered":"https:\/\/globobd.net\/admin\/?page_id=5131"},"modified":"2026-04-08T06:50:58","modified_gmt":"2026-04-08T06:50:58","slug":"politique-de-confidentialite","status":"publish","type":"page","link":"https:\/\/globobd.net\/admin\/politique-de-confidentialite\/","title":{"rendered":"Politique de confidentialit\u00e9"},"content":{"rendered":"<div class=\"brz-root__container brz-reset-all brz\">\n<section id=\"_iwfdhuguqcjakqcbtoizhwnqpvkezllazuax\" class=\"brz-section brz-css-ozUax\">\n<div class=\"brz-section__content brz-section--boxed brz-css-wWjgF brz-css-asTnA\" data-brz-custom-id=\"klglwzyytvszvcncmvdyjrdacoxclpmrueof\">\n<div class=\"brz-bg\">\n<div class=\"brz-bg-color\"><\/div>\n<\/div>\n<div class=\"brz-container brz-css-l5xG8\">\n<div id=\"\" class=\"brz-css-daM9s brz-wrapper\">\n<div class=\"brz-rich-text brz-rich-text__custom brz-css-fVmF1\" data-brz-custom-id=\"ehhevnnrwbhewkvmhiqaalipixqfjsefcrwi\">\n<div data-brz-translate-text=\"1\">\n<p class=\"brz-tp-lg-paragraph brz-css-nr5Nb\" data-generated-css=\"brz-css-kpblq\" data-uniq-id=\"qcpoe\">Derni\u00e8re mise \u00e0 jour :&nbsp;(&nbsp;08\/07\/2020&nbsp;)<\/p>\n<p class=\"brz-tp-lg-paragraph brz-css-k7rXE\" data-generated-css=\"brz-css-cnpsw\" data-uniq-id=\"gimjh\">&nbsp;<\/p>\n<p class=\"brz-tp-lg-paragraph brz-css-wroHs\" data-generated-css=\"brz-css-rvxjz\" data-uniq-id=\"rstel\"><strong>Entreprise :<\/strong><strong>&nbsp;GlobyTech Algerie.<\/strong><\/p>\n<p class=\"brz-tp-lg-paragraph brz-css-fcKMq\" data-generated-css=\"brz-css-nlltq\" data-uniq-id=\"eoatx\">&nbsp;<\/p>\n<p class=\"brz-tp-lg-paragraph brz-css-pHG3C\" data-generated-css=\"brz-css-cycwy\" data-uniq-id=\"oakdm\"><strong>Si\u00e8ge social :<\/strong>&nbsp;&nbsp;06 Rue Said Hadjar.Route de Draria.Saoula-Alger<\/p>\n<p class=\"brz-tp-lg-paragraph brz-css-vXQ0J\" data-generated-css=\"brz-css-beprw\" data-uniq-id=\"susya\"><span>&nbsp;<\/span><\/p>\n<p class=\"brz-tp-lg-paragraph brz-css-cBzhD\" data-generated-css=\"brz-css-pffri\" data-uniq-id=\"lsoon\"><strong>Num\u00e9ro d'enregistrement :<\/strong>&nbsp;16\/00 - 0078268 A 01.<\/p>\n<p class=\"brz-tp-lg-paragraph brz-css-ccmIH\" data-generated-css=\"brz-css-eivuf\" data-uniq-id=\"audpc\">&nbsp;<\/p>\n<p class=\"brz-tp-lg-paragraph brz-css-fIIO3\" data-generated-css=\"brz-css-vivey\" data-uniq-id=\"kbnrq\"><strong>RS :<\/strong>&nbsp;200654075<\/p>\n<p class=\"brz-tp-lg-paragraph brz-css-aUT_y\" data-generated-css=\"brz-css-fjwow\" data-uniq-id=\"sblor\">&nbsp;<\/p>\n<p class=\"brz-tp-lg-paragraph brz-css-sRy5M\" data-generated-css=\"brz-css-nrjeb\" data-uniq-id=\"tclsm\"><strong>Adresse e-mail :<\/strong>&nbsp;contact@globobd.net<\/p>\n<p class=\"brz-tp-lg-paragraph brz-css-sMwo7\" data-generated-css=\"brz-css-rrsgo\" data-uniq-id=\"mpimt\">&nbsp;<\/p>\n<p class=\"brz-tp-lg-paragraph brz-css-bxzIU\" data-generated-css=\"brz-css-vjvps\" data-uniq-id=\"opqgd\">Nous&nbsp;&nbsp;exploitons&nbsp;https:\/\/globobd.net .&nbsp;Cette page vous informe de nos politiques concernant la collecte, l'utilisation et la divulgation des informations personnelles que nous recevons des utilisateurs du site.<\/p>\n<p class=\"brz-tp-lg-paragraph brz-css-eHOhp\" data-generated-css=\"brz-css-qzmoh\" data-uniq-id=\"vhkxw\">&nbsp;<\/p>\n<p class=\"brz-tp-lg-paragraph brz-css-zOPeB\" data-generated-css=\"brz-css-ekqgp\" data-uniq-id=\"vkdvh\">Nous utilisons vos informations personnelles uniquement pour fournir et am\u00e9liorer le site.&nbsp;En utilisant le Site, vous acceptez la collecte et l'utilisation des informations conform\u00e9ment \u00e0 cette politique.<\/p>\n<p class=\"brz-tp-lg-paragraph brz-css-eiMXC\" data-generated-css=\"brz-css-dsavv\" data-uniq-id=\"qfgcx\">&nbsp;<\/p>\n<p class=\"brz-tp-lg-paragraph brz-css-tncIg\" data-generated-css=\"brz-css-iabqn\" data-uniq-id=\"qupeg\"><strong>Collecte et utilisation des informations<\/strong><\/p>\n<p class=\"brz-tp-lg-paragraph brz-css-aMfz9\" data-generated-css=\"brz-css-lprex\" data-uniq-id=\"xoece\">&nbsp;<\/p>\n<p class=\"brz-tp-lg-paragraph brz-css-aclEH\" data-generated-css=\"brz-css-kvijd\" data-uniq-id=\"hxwjk\">Lors de l'utilisation de notre site, nous pouvons vous demander de nous fournir certaines informations personnellement identifiables qui peuvent \u00eatre utilis\u00e9es pour vous contacter ou vous identifier.&nbsp;Les informations personnellement identifiables peuvent inclure, sans s'y limiter, votre nom (\u00ab&nbsp;Informations personnelles&nbsp;\u00bb).<\/p>\n<p class=\"brz-tp-lg-paragraph brz-css-yKiu0\" data-generated-css=\"brz-css-tvxou\" data-uniq-id=\"pxstv\">&nbsp;<\/p>\n<p class=\"brz-tp-lg-paragraph brz-css-oRuEY\" data-generated-css=\"brz-css-kbeic\" data-uniq-id=\"aspla\"><strong>Donn\u00e9es de journal<\/strong><\/p>\n<p class=\"brz-tp-lg-paragraph brz-css-lbbds\" data-generated-css=\"brz-css-zsiab\" data-uniq-id=\"efwdo\">&nbsp;<\/p>\n<p class=\"brz-tp-lg-paragraph brz-css-gU2rA\" data-generated-css=\"brz-css-dnoka\" data-uniq-id=\"dioft\">Comme de nombreux op\u00e9rateurs de sites, nous collectons des informations que votre navigateur envoie chaque fois que vous visitez notre site (\u00ab&nbsp;donn\u00e9es de journal&nbsp;\u00bb).<\/p>\n<p class=\"brz-tp-lg-paragraph brz-css-eKK2_\" data-generated-css=\"brz-css-ifjlg\" data-uniq-id=\"zvwic\">&nbsp;<\/p>\n<p class=\"brz-tp-lg-paragraph brz-css-cqqU2\" data-generated-css=\"brz-css-mxter\" data-uniq-id=\"wpkds\">Ces donn\u00e9es de journal peuvent inclure des informations telles que l'adresse de protocole Internet (\u00ab&nbsp;IP&nbsp;\u00bb) de votre ordinateur, le type de navigateur, la version du navigateur, les pages de notre site que vous visitez, l'heure et la date de votre visite, le temps pass\u00e9 sur ces pages et d'autres statistiques.<\/p>\n<p class=\"brz-tp-lg-paragraph brz-css-a1KbG\" data-generated-css=\"brz-css-fsjhx\" data-uniq-id=\"vfgdi\">&nbsp;<\/p>\n<p class=\"brz-tp-lg-paragraph brz-css-lmi0M\" data-generated-css=\"brz-css-iiipr\" data-uniq-id=\"npydd\">De plus, nous pouvons utiliser des services tiers tels que Google Analytics qui collectent, surveillent et analysent ces statistiques.<\/p>\n<p class=\"brz-tp-lg-paragraph brz-css-t32q3\" data-generated-css=\"brz-css-noqhd\" data-uniq-id=\"wllqs\"><span>&nbsp;<\/span><\/p>\n<p class=\"brz-tp-lg-paragraph brz-css-jvMXb\" data-generated-css=\"brz-css-xolcd\" data-uniq-id=\"kpooj\"><strong>Communication<\/strong><\/p>\n<p class=\"brz-tp-lg-paragraph brz-css-gXUt3\" data-generated-css=\"brz-css-qvlkp\" data-uniq-id=\"necqp\">&nbsp;<\/p>\n<p class=\"brz-tp-lg-paragraph brz-css-emHST\" data-generated-css=\"brz-css-emcnb\" data-uniq-id=\"pyhrw\">Nous pouvons utiliser vos informations personnelles pour vous contacter avec des newsletters, du mat\u00e9riel marketing ou promotionnel et d'autres informations.<\/p>\n<p class=\"brz-tp-lg-paragraph brz-css-mEQLe\" data-generated-css=\"brz-css-lyfkc\" data-uniq-id=\"diruj\">&nbsp;<\/p>\n<p class=\"brz-tp-lg-paragraph brz-css-cEZOm\" data-generated-css=\"brz-css-fivwa\" data-uniq-id=\"zvzto\"><strong>Biscuits<\/strong><\/p>\n<p class=\"brz-tp-lg-paragraph brz-css-x3cuj\" data-generated-css=\"brz-css-palno\" data-uniq-id=\"xhlct\">&nbsp;<\/p>\n<p class=\"brz-tp-lg-paragraph brz-css-eyAxO\" data-generated-css=\"brz-css-jzqqx\" data-uniq-id=\"glkpr\">Les cookies sont des fichiers avec une petite quantit\u00e9 de donn\u00e9es, qui peuvent inclure un identifiant unique anonyme.&nbsp;Les cookies sont envoy\u00e9s \u00e0 votre navigateur \u00e0 partir d'un site Web et stock\u00e9s sur le disque dur de votre ordinateur.<\/p>\n<p class=\"brz-tp-lg-paragraph brz-css-s75vR\" data-generated-css=\"brz-css-udten\" data-uniq-id=\"ebsyw\">&nbsp;<\/p>\n<p class=\"brz-tp-lg-paragraph brz-css-lvFEn\" data-generated-css=\"brz-css-aiyib\" data-uniq-id=\"pkssv\">Comme de nombreux sites, nous utilisons des \u00ab cookies \u00bb pour collecter des informations.&nbsp;Vous pouvez demander \u00e0 votre navigateur de refuser tous les cookies ou d'indiquer quand un cookie est envoy\u00e9.&nbsp;Cependant, si vous n'acceptez pas les cookies, vous ne pourrez peut-\u00eatre pas utiliser certaines parties de notre site.<\/p>\n<p class=\"brz-tp-lg-paragraph brz-css-mujnb\" data-generated-css=\"brz-css-yxijw\" data-uniq-id=\"gfiwv\">&nbsp;<\/p>\n<p class=\"brz-tp-lg-paragraph brz-css-gVLr8\" data-generated-css=\"brz-css-tsjxq\" data-uniq-id=\"wyeyx\"><strong>S\u00e9curit\u00e9<\/strong><\/p>\n<p class=\"brz-tp-lg-paragraph brz-css-l7Ds7\" data-generated-css=\"brz-css-tbedu\" data-uniq-id=\"yjzgr\">&nbsp;<\/p>\n<p class=\"brz-tp-lg-paragraph brz-css-amnIp\" data-generated-css=\"brz-css-mfhhi\" data-uniq-id=\"uesxz\">La s\u00e9curit\u00e9 de vos informations personnelles est importante pour nous, mais n'oubliez pas qu'aucune m\u00e9thode de transmission sur Internet, ou m\u00e9thode de stockage \u00e9lectronique, n'est s\u00e9curis\u00e9e \u00e0 100 %.&nbsp;Bien que nous nous efforcions d'utiliser des moyens commercialement acceptables pour prot\u00e9ger vos informations personnelles, nous ne pouvons garantir leur s\u00e9curit\u00e9 absolue.<\/p>\n<p class=\"brz-tp-lg-paragraph brz-css-ka982\" data-generated-css=\"brz-css-xzlwe\" data-uniq-id=\"cudei\">&nbsp;<\/p>\n<p class=\"brz-tp-lg-paragraph brz-css-icKqr\" data-generated-css=\"brz-css-bdvob\" data-uniq-id=\"tdhun\"><strong>Modifications de cette politique de confidentialit\u00e9<\/strong><\/p>\n<p class=\"brz-tp-lg-paragraph brz-css-rE6KA\" data-generated-css=\"brz-css-dcjdn\" data-uniq-id=\"rggay\">&nbsp;<\/p>\n<p class=\"brz-tp-lg-paragraph brz-css-kCxug\" data-generated-css=\"brz-css-qxsbw\" data-uniq-id=\"wtyfa\">Cette politique de confidentialit\u00e9 entre en vigueur le&nbsp;&nbsp;06\/07\/2020&nbsp;et restera en vigueur, sauf en ce qui concerne toute modification future de ses dispositions, qui entrera en vigueur imm\u00e9diatement apr\u00e8s sa publication sur cette page.<\/p>\n<p class=\"brz-tp-lg-paragraph brz-css-tkWrE\" data-generated-css=\"brz-css-pyxih\" data-uniq-id=\"epqpz\">&nbsp;<\/p>\n<p class=\"brz-tp-lg-paragraph brz-css-dPPBG\" data-generated-css=\"brz-css-ougon\" data-uniq-id=\"qrimd\">Nous nous r\u00e9servons le droit de mettre \u00e0 jour ou de modifier notre politique de confidentialit\u00e9 \u00e0 tout moment et vous devez v\u00e9rifier cette politique de confidentialit\u00e9 p\u00e9riodiquement.&nbsp;Votre utilisation continue du service apr\u00e8s la publication de toute modification de la politique de confidentialit\u00e9 sur cette page constituera votre reconnaissance des modifications et votre consentement \u00e0 respecter et \u00e0 \u00eatre li\u00e9 par la politique de confidentialit\u00e9 modifi\u00e9e.<\/p>\n<p class=\"brz-tp-lg-paragraph brz-css-ne1Uz\" data-generated-css=\"brz-css-pmhus\" data-uniq-id=\"hexcz\">&nbsp;<\/p>\n<p class=\"brz-tp-lg-paragraph brz-css-p25JX\" data-generated-css=\"brz-css-nsvoz\" data-uniq-id=\"wdfxk\">Si nous apportons des modifications importantes \u00e0 cette politique de confidentialit\u00e9, nous vous en informerons soit via l'adresse e-mail que vous nous avez fournie, soit en pla\u00e7ant un avis bien en vue sur notre site Web.<\/p>\n<p class=\"brz-tp-lg-paragraph brz-css-ajBJR\" data-generated-css=\"brz-css-licyh\" data-uniq-id=\"zuacj\">&nbsp;<\/p>\n<p class=\"brz-tp-lg-paragraph brz-css-ntvjB\" data-generated-css=\"brz-css-cttbs\" data-uniq-id=\"kmioe\"><strong>Nous contacter<\/strong><\/p>\n<p class=\"brz-tp-lg-paragraph brz-css-m4cnT\" data-generated-css=\"brz-css-vssak\" data-uniq-id=\"pijxn\">&nbsp;<\/p>\n<p class=\"brz-tp-lg-paragraph brz-css-gJ_7c\" data-generated-css=\"brz-css-rewmi\" data-uniq-id=\"erfdb\"><span>Si vous avez des questions concernant cette politique de confidentialit\u00e9, veuillez nous contacter.<\/span><\/p>\n<p class=\"brz-tp-lg-paragraph brz-css-id4r0\" data-generated-css=\"brz-css-zypek\" data-uniq-id=\"hopny\">Courriel :&nbsp;contact@globobd.net<\/p>\n<\/div>\n<\/div>\n<\/div>\n<\/div>\n<\/div>\n<\/section>\n<\/div>\n<p>    <!-- version:1732057517 --><\/p>\n","protected":false},"excerpt":{"rendered":"<p>Derni\u00e8re mise \u00e0 jour :&nbsp;(&nbsp;08\/07\/2020&nbsp;) &nbsp; Entreprise :&nbsp;GlobyTech Algerie. &nbsp; Si\u00e8ge social :&nbsp;&nbsp;06 Rue Said Hadjar.Route de Draria.Saoula-Alger &nbsp; Num\u00e9ro [&hellip;]<\/p>\n","protected":false},"author":1,"featured_media":0,"parent":0,"menu_order":0,"comment_status":"closed","ping_status":"closed","template":"","meta":{"_et_pb_use_builder":"","_et_pb_old_content":"","_et_gb_content_width":"","footnotes":""},"class_list":["post-5131","page","type-page","status-publish","hentry"],"_links":{"self":[{"href":"https:\/\/globobd.net\/admin\/wp-json\/wp\/v2\/pages\/5131","targetHints":{"allow":["GET"]}}],"collection":[{"href":"https:\/\/globobd.net\/admin\/wp-json\/wp\/v2\/pages"}],"about":[{"href":"https:\/\/globobd.net\/admin\/wp-json\/wp\/v2\/types\/page"}],"author":[{"embeddable":true,"href":"https:\/\/globobd.net\/admin\/wp-json\/wp\/v2\/users\/1"}],"replies":[{"embeddable":true,"href":"https:\/\/globobd.net\/admin\/wp-json\/wp\/v2\/comments?post=5131"}],"version-history":[{"count":8,"href":"https:\/\/globobd.net\/admin\/wp-json\/wp\/v2\/pages\/5131\/revisions"}],"predecessor-version":[{"id":5143,"href":"https:\/\/globobd.net\/admin\/wp-json\/wp\/v2\/pages\/5131\/revisions\/5143"}],"wp:attachment":[{"href":"https:\/\/globobd.net\/admin\/wp-json\/wp\/v2\/media?parent=5131"}],"curies":[{"name":"wp","href":"https:\/\/api.w.org\/{rel}","templated":true}]}}