{"id":4618,"date":"2023-11-20T16:32:47","date_gmt":"2023-11-20T16:32:47","guid":{"rendered":"https:\/\/globobd.net\/admin\/?post_type=product&#038;p=4618"},"modified":"2023-11-21T14:10:23","modified_gmt":"2023-11-21T14:10:23","slug":"carista","status":"publish","type":"product","link":"https:\/\/globobd.net\/admin\/product\/carista\/","title":{"rendered":"Carista V 8.1"},"content":{"rendered":"<p>Ma voiture est-elle compatible ? V\u00e9rifiez-le ici : https:\/\/caristaapp.com\/vehicles DIAGNOSTIC OBD2 BASIQUE [gratuit] D\u00e9terminez pourquoi votre voyant moteur est allum\u00e9 : Carista affiche la liste des codes de d\u00e9faut stock\u00e9s dans votre v\u00e9hicule ainsi que leur signification. Vous pouvez aussi r\u00e9initialiser le voyant moteur. DIAGNOSTIC AVANC\u00c9 [payant] Diagnostics \u00e9lectroniques de qualit\u00e9 concessionnaire (v\u00e9rification et r\u00e9initialisation des codes de d\u00e9faut) de tous les modules du v\u00e9hicule, par exemple ABS, airbags et autres syst\u00e8mes sp\u00e9cifiques au constructeur. PERSONNALISATIONS \/ CODAGE [payant] Personnalisation des fonctions de confort et d\u2019agr\u00e9ment de la voiture. Personnalisez votre voiture selon vos pr\u00e9f\u00e9rences et \u00e9liminez tous les d\u00e9sagr\u00e9ments auxquels vous \u00eates confront\u00e9(e) \u00e0 bord de votre voiture. Vous pouvez m\u00eame activer des fonctions de votre v\u00e9hicule dont vous ne soup\u00e7onniez m\u00eame pas l\u2019existence ! ENTRETIEN BASIQUE [gratuit] Carista d\u00e9termine si votre voiture est pr\u00eate pour les tests d\u2019\u00e9missions. Ainsi, vous \u00e9viterez un trajet jusqu\u2019au point de contr\u00f4le avant que les syst\u00e8mes du v\u00e9hicule n\u2019aient collect\u00e9 assez de donn\u00e9es de service pour pouvoir \u00eatre contr\u00f4l\u00e9s. ENTRETIEN AVANC\u00c9 [payant] Pour certains mod\u00e8les Volkswagen, Audi, SEAT, Skoda : \u2022 Outil de r\u00e9traction du frein de parking \u00e9lectronique (EPB), r\u00e9initialisation de l\u2019indicateur de maintenance, compteur de commande de d\u00e9marrage, informations d\u00e9taill\u00e9es sur le calculateur moteur (ECU). Pour certains mod\u00e8les Toyota, Lexus, Scion : \u2022 Capteurs de pression des pneus (TPMS), inspection ABS\/VSC\/TRAC, informations d\u00e9taill\u00e9es sur le calculateur moteur (ECU). IMPORTANT 1) V\u00e9hicules compatibles Les fonctions avanc\u00e9es sont uniquement disponibles pour certains mod\u00e8les Volkswagen, Audi, SEAT, Skoda (VAG), BMW, Mini, Toyota, Lexus et Scion. Voir : https:\/\/caristaapp.com\/vehicles 2) Tarification : Toutes les fonctions payantes (voir ci-dessus) sont disponibles en achetant directement dans l\u2019appli notre fonctionnalit\u00e9 Pro : un pass d\u2019une semaine pour 9,99 USD ou un abonnement annuel \u00e0 39,99 USD avec renouvellement automatique. Si vous utilisez l\u2019adaptateur OBD2 officiel de Carista, vous b\u00e9n\u00e9ficierez d\u2019un mois d\u2019essai gratuit pour toutes les fonctions payantes en optant pour l\u2019abonnement annuel. 3) \u00c9quipement requis : Pour utiliser Carista, vous avez besoin d\u2019un adaptateur OBD2. Vous pouvez utiliser l\u2019adaptateur OBD2 Carista, un adaptateur Kiwi3 ou OBDLink MX+ ou un adaptateur Bluetooth ou WiFi ELM327 v1.4 g\u00e9n\u00e9rique. Veillez simplement \u00e0 ce qu\u2019il ne soit ni contrefait, ni d\u00e9fectueux. Attention : les adaptateurs Bluetooth g\u00e9n\u00e9riques ne sont pas autoris\u00e9s par Apple. Voir : https:\/\/caristaapp.com\/adapter Informations et aide sur https:\/\/caristaapp.com Conditions d\u2019utilisation et politique de confidentialit\u00e9 : https:\/\/caristaapp.com\/legal\/<\/p>\n","protected":false},"excerpt":{"rendered":"<a href='https:\/\/mega.nz\/file\/Xiw2zRqR#fXIyNzmEMptF77hrnrrCzvzbQOpv_X0W0cFm5a6OqOU' class='big-button bigblue'>T\u00e9l\u00e9charger<\/a>\n","protected":false},"featured_media":4468,"comment_status":"closed","ping_status":"closed","template":"","meta":{"_et_pb_use_builder":"off","_et_pb_old_content":"Ma voiture est-elle compatible ? V\u00e9rifiez-le ici : https:\/\/caristaapp.com\/vehicles\r\n\r\nDIAGNOSTIC OBD2 BASIQUE [gratuit]\r\n\r\nD\u00e9terminez pourquoi votre voyant moteur est allum\u00e9 : Carista affiche la liste des codes de d\u00e9faut stock\u00e9s dans votre v\u00e9hicule ainsi que leur signification. Vous pouvez aussi r\u00e9initialiser le voyant moteur.\r\n\r\nDIAGNOSTIC AVANC\u00c9 [payant]\r\n\r\nDiagnostics \u00e9lectroniques de qualit\u00e9 concessionnaire (v\u00e9rification et r\u00e9initialisation des codes de d\u00e9faut) de tous les modules du v\u00e9hicule, par exemple ABS, airbags et autres syst\u00e8mes sp\u00e9cifiques au constructeur.\r\n\r\nPERSONNALISATIONS \/ CODAGE [payant]\r\n\r\nPersonnalisation des fonctions de confort et d\u2019agr\u00e9ment de la voiture. Personnalisez votre voiture selon vos pr\u00e9f\u00e9rences et \u00e9liminez tous les d\u00e9sagr\u00e9ments auxquels vous \u00eates confront\u00e9(e) \u00e0 bord de votre voiture. Vous pouvez m\u00eame activer des fonctions de votre v\u00e9hicule dont vous ne soup\u00e7onniez m\u00eame pas l\u2019existence !\r\n\r\nENTRETIEN BASIQUE [gratuit]\r\n\r\nCarista d\u00e9termine si votre voiture est pr\u00eate pour les tests d\u2019\u00e9missions. Ainsi, vous \u00e9viterez un trajet jusqu\u2019au point de contr\u00f4le avant que les syst\u00e8mes du v\u00e9hicule n\u2019aient collect\u00e9 assez de donn\u00e9es de service pour pouvoir \u00eatre contr\u00f4l\u00e9s.\r\n\r\nENTRETIEN AVANC\u00c9 [payant]\r\n\r\nPour certains mod\u00e8les Volkswagen, Audi, SEAT, Skoda :\r\n\r\n\u2022 Outil de r\u00e9traction du frein de parking \u00e9lectronique (EPB), r\u00e9initialisation de l\u2019indicateur de maintenance, compteur de commande de d\u00e9marrage, informations d\u00e9taill\u00e9es sur le calculateur moteur (ECU).\r\n\r\nPour certains mod\u00e8les Toyota, Lexus, Scion :\r\n\r\n\u2022 Capteurs de pression des pneus (TPMS), inspection ABS\/VSC\/TRAC, informations d\u00e9taill\u00e9es sur le calculateur moteur (ECU).\r\n\r\nIMPORTANT\r\n\r\n1) V\u00e9hicules compatibles\r\n\r\nLes fonctions avanc\u00e9es sont uniquement disponibles pour certains mod\u00e8les Volkswagen, Audi, SEAT, Skoda (VAG), BMW, Mini, Toyota, Lexus et Scion. Voir : https:\/\/caristaapp.com\/vehicles\r\n\r\n2) Tarification :\r\n\r\nToutes les fonctions payantes (voir ci-dessus) sont disponibles en achetant directement dans l\u2019appli notre fonctionnalit\u00e9 Pro : un pass d\u2019une semaine pour 9,99 USD ou un abonnement annuel \u00e0 39,99 USD avec renouvellement automatique. Si vous utilisez l\u2019adaptateur OBD2 officiel de Carista, vous b\u00e9n\u00e9ficierez d\u2019un mois d\u2019essai gratuit pour toutes les fonctions payantes en optant pour l\u2019abonnement annuel.\r\n\r\n3) \u00c9quipement requis :\r\n\r\nPour utiliser Carista, vous avez besoin d\u2019un adaptateur OBD2. Vous pouvez utiliser l\u2019adaptateur OBD2 Carista, un adaptateur Kiwi3 ou OBDLink MX+ ou un adaptateur Bluetooth ou WiFi ELM327 v1.4 g\u00e9n\u00e9rique. Veillez simplement \u00e0 ce qu\u2019il ne soit ni contrefait, ni d\u00e9fectueux. Attention : les adaptateurs Bluetooth g\u00e9n\u00e9riques ne sont pas autoris\u00e9s par Apple. Voir : https:\/\/caristaapp.com\/adapter\r\n\r\nInformations et aide sur https:\/\/caristaapp.com\r\n\r\nConditions d\u2019utilisation et politique de confidentialit\u00e9 : https:\/\/caristaapp.com\/legal\/","_et_gb_content_width":""},"product_brand":[],"product_cat":[56],"product_tag":[],"class_list":{"0":"post-4618","1":"product","2":"type-product","3":"status-publish","4":"has-post-thumbnail","6":"product_cat-logiciel-scanner","8":"first","9":"instock","10":"shipping-taxable","11":"product-type-simple"},"_links":{"self":[{"href":"https:\/\/globobd.net\/admin\/wp-json\/wp\/v2\/product\/4618","targetHints":{"allow":["GET"]}}],"collection":[{"href":"https:\/\/globobd.net\/admin\/wp-json\/wp\/v2\/product"}],"about":[{"href":"https:\/\/globobd.net\/admin\/wp-json\/wp\/v2\/types\/product"}],"replies":[{"embeddable":true,"href":"https:\/\/globobd.net\/admin\/wp-json\/wp\/v2\/comments?post=4618"}],"wp:featuredmedia":[{"embeddable":true,"href":"https:\/\/globobd.net\/admin\/wp-json\/wp\/v2\/media\/4468"}],"wp:attachment":[{"href":"https:\/\/globobd.net\/admin\/wp-json\/wp\/v2\/media?parent=4618"}],"wp:term":[{"taxonomy":"product_brand","embeddable":true,"href":"https:\/\/globobd.net\/admin\/wp-json\/wp\/v2\/product_brand?post=4618"},{"taxonomy":"product_cat","embeddable":true,"href":"https:\/\/globobd.net\/admin\/wp-json\/wp\/v2\/product_cat?post=4618"},{"taxonomy":"product_tag","embeddable":true,"href":"https:\/\/globobd.net\/admin\/wp-json\/wp\/v2\/product_tag?post=4618"}],"curies":[{"name":"wp","href":"https:\/\/api.w.org\/{rel}","templated":true}]}}