{"id":4637,"date":"2023-11-21T10:55:51","date_gmt":"2023-11-21T10:55:51","guid":{"rendered":"https:\/\/globobd.net\/admin\/?post_type=product&#038;p=4637"},"modified":"2023-11-21T16:35:36","modified_gmt":"2023-11-21T16:35:36","slug":"kit-flex-hw","status":"publish","type":"product","link":"https:\/\/globobd.net\/admin\/product\/kit-flex-hw\/","title":{"rendered":"Kit Flex HW"},"content":{"rendered":"<p>Kit FLEX HW pour les nouveaux utilisateurs<br \/>\nUtilisez votre FLEX pour reprogrammer, mettre \u00e0 jour ou modifier facilement le logiciel de la plupart des unit\u00e9s de contr\u00f4le du moteur directement via la prise OBD du v\u00e9hicule . Une simple connexion Internet vous donne acc\u00e8s \u00e0 tout le potentiel que vous offre l'outil. Pour des travaux plus avanc\u00e9s ou de r\u00e9paration, utilisez le module FLEXBox pour programmer l'unit\u00e9 de contr\u00f4le en modes BDM , Bootloader, JTAG et AUD . L'appareil d\u00e9tecte toute erreur de connexion ou de communication gr\u00e2ce \u00e0 sa conception de pointe.<\/p>\n<p style=\"text-align: center;\"><a href='https:\/\/www.magicmotorsport.com\/it\/flex\/vehicle-and-services-list\/' class='big-button bigblue' target=\"_blank\">Liste compl\u00e8te des v\u00e9hicules<\/a><\/p>\n","protected":false},"excerpt":{"rendered":"<p>FLEX est un outil innovant pour les ateliers m\u00e9catroniques qui prend pleinement en charge les derniers d\u00e9veloppements du march\u00e9 du tuning et de la r\u00e9paration automobile.<\/p>\n","protected":false},"featured_media":4638,"comment_status":"closed","ping_status":"closed","template":"","meta":{"_et_pb_use_builder":"on","_et_pb_old_content":"Kit FLEX HW pour les nouveaux utilisateurs\r\nUtilisez votre FLEX pour reprogrammer, mettre \u00e0 jour ou modifier facilement le logiciel de la plupart des unit\u00e9s de contr\u00f4le du moteur directement via la prise OBD du v\u00e9hicule . Une simple connexion Internet vous donne acc\u00e8s \u00e0 tout le potentiel que vous offre l'outil. Pour des travaux plus avanc\u00e9s ou de r\u00e9paration, utilisez le module FLEXBox pour programmer l'unit\u00e9 de contr\u00f4le en modes BDM , Bootloader, JTAG et AUD . L'appareil d\u00e9tecte toute erreur de connexion ou de communication gr\u00e2ce \u00e0 sa conception de pointe.\r\n<p style=\"text-align: center;\">[button link=\"https:\/\/www.magicmotorsport.com\/it\/flex\/vehicle-and-services-list\/\" type=\"big\" newwindow=\"yes\"] Liste compl\u00e8te des v\u00e9hicules [\/button]<\/p>","_et_gb_content_width":""},"product_brand":[],"product_cat":[54],"product_tag":[],"class_list":{"0":"post-4637","1":"product","2":"type-product","3":"status-publish","4":"has-post-thumbnail","6":"product_cat-programmateur-ecu","8":"first","9":"instock","10":"sale","11":"shipping-taxable","12":"purchasable","13":"product-type-simple"},"_links":{"self":[{"href":"https:\/\/globobd.net\/admin\/wp-json\/wp\/v2\/product\/4637","targetHints":{"allow":["GET"]}}],"collection":[{"href":"https:\/\/globobd.net\/admin\/wp-json\/wp\/v2\/product"}],"about":[{"href":"https:\/\/globobd.net\/admin\/wp-json\/wp\/v2\/types\/product"}],"replies":[{"embeddable":true,"href":"https:\/\/globobd.net\/admin\/wp-json\/wp\/v2\/comments?post=4637"}],"wp:featuredmedia":[{"embeddable":true,"href":"https:\/\/globobd.net\/admin\/wp-json\/wp\/v2\/media\/4638"}],"wp:attachment":[{"href":"https:\/\/globobd.net\/admin\/wp-json\/wp\/v2\/media?parent=4637"}],"wp:term":[{"taxonomy":"product_brand","embeddable":true,"href":"https:\/\/globobd.net\/admin\/wp-json\/wp\/v2\/product_brand?post=4637"},{"taxonomy":"product_cat","embeddable":true,"href":"https:\/\/globobd.net\/admin\/wp-json\/wp\/v2\/product_cat?post=4637"},{"taxonomy":"product_tag","embeddable":true,"href":"https:\/\/globobd.net\/admin\/wp-json\/wp\/v2\/product_tag?post=4637"}],"curies":[{"name":"wp","href":"https:\/\/api.w.org\/{rel}","templated":true}]}}