{"id":4645,"date":"2023-11-21T11:07:42","date_gmt":"2023-11-21T11:07:42","guid":{"rendered":"https:\/\/globobd.net\/admin\/?post_type=product&#038;p=4645"},"modified":"2023-12-04T06:14:35","modified_gmt":"2023-12-04T06:14:35","slug":"think-diag","status":"publish","type":"product","link":"https:\/\/globobd.net\/admin\/product\/think-diag\/","title":{"rendered":"Think diag"},"content":{"rendered":"<h3>Pourquoi ThinkDiag est le Scanner \u00e0 acqu\u00e9rir ?<\/h3>\n<div>\u2713 Permet la lecture de codes d'erreur de tout les calculateurs du v\u00e9hicule comme :<\/div>\n<div>ECM, TCM, ABS, SRS, BCM, IMM, BMS, TPMS, SAS, syst\u00e8me d'injection, syst\u00e8me d'\u00e9clairage, syst\u00e8me d'essuie-glace...<\/div>\n<div>\u2713 Execute des tests bidirectionnel actifs avec codage et adaptation de l'ECU.<\/div>\n<div>\u2713 Muni de fonctions OBDII et EOBD pour des analyses compl\u00e8tes du syst\u00e8me.<\/div>\n<div>\u2713\u00a0\u00c9quip\u00e9 de\u00a0<b>16 fonctions de maintenance (Reset)<\/b>\u00a0et un outil de\u00a0<b>d\u00e9tection automatique du VIN<\/b>.<\/div>\n<div>\u2713 Prise en charge de 115 marques Automobiles.<\/div>\n<div>\u2713 Permet d'illustrer les flux des donn\u00e9es par des courbes graphiques en direct avec possibilit\u00e9 d'enregistrement des informations et impression de rapport de sant\u00e9 du v\u00e9hicule.<\/div>\n<div>\u2713 Muni de fonction de diagnostic \u00e0 distance.<\/div>\n<div>\u2713 Jouit d'une fonctionnalit\u00e9 d'organiser en communaut\u00e9 des propri\u00e9taires de v\u00e9hicules.<\/div>\n<div>\u2713 En d\u00e9pit de son format portable qui tiens dans la paume de la main, il reste puissant.<\/div>\n<div>\u2713 L'outil diagnostic automobile ou Scanner\u00a0<b>ThinkDiag<\/b>\u00a0est disponible pour les deux syst\u00e8mes d'exploitations Android et Apple ios Tablettes et smartphones.<\/div>\n","protected":false},"excerpt":{"rendered":"<p>L&rsquo;exp\u00e9rience de plus de 20 ans et le recul technologique dans le domaine du diagnostic automobile ont permis le d\u00e9veloppement de solutions pour la r\u00e9paration et la maintenance de la plupart des v\u00e9hicules avec des fonctionnalit\u00e9s comme la lecture des codes de d\u00e9fauts et les flux des donn\u00e9es en temps r\u00e9el, les tests d&rsquo;actionneurs, programmation des calculateurs, codages et adaptation des ECU&#8230;<\/p>\n","protected":false},"featured_media":4646,"comment_status":"closed","ping_status":"closed","template":"","meta":{"_et_pb_use_builder":"on","_et_pb_old_content":"<h3>Pourquoi ThinkDiag est le Scanner \u00e0 acqu\u00e9rir ?<\/h3>\r\n<div>\u2713 Permet la lecture de codes d'erreur de tout les calculateurs du v\u00e9hicule comme :<\/div>\r\n<div>ECM, TCM, ABS, SRS, BCM, IMM, BMS, TPMS, SAS, syst\u00e8me d'injection, syst\u00e8me d'\u00e9clairage, syst\u00e8me d'essuie-glace...<\/div>\r\n<div>\u2713 Execute des tests bidirectionnel actifs avec codage et adaptation de l'ECU.<\/div>\r\n<div>\u2713 Muni de fonctions OBDII et EOBD pour des analyses compl\u00e8tes du syst\u00e8me.<\/div>\r\n<div>\u2713\u00a0\u00c9quip\u00e9 de\u00a0<b>16 fonctions de maintenance (Reset)<\/b>\u00a0et un outil de\u00a0<b>d\u00e9tection automatique du VIN<\/b>.<\/div>\r\n<div>\u2713 Prise en charge de 115 marques Automobiles.<\/div>\r\n<div>\u2713 Permet d'illustrer les flux des donn\u00e9es par des courbes graphiques en direct avec possibilit\u00e9 d'enregistrement des informations et impression de rapport de sant\u00e9 du v\u00e9hicule.<\/div>\r\n<div>\u2713 Muni de fonction de diagnostic \u00e0 distance.<\/div>\r\n<div>\u2713 Jouit d'une fonctionnalit\u00e9 d'organiser en communaut\u00e9 des propri\u00e9taires de v\u00e9hicules.<\/div>\r\n<div>\u2713 En d\u00e9pit de son format portable qui tiens dans la paume de la main, il reste puissant.<\/div>\r\n<div>\u2713 L'outil diagnostic automobile ou Scanner\u00a0<b>ThinkDiag<\/b>\u00a0est disponible pour les deux syst\u00e8mes d'exploitations Android et Apple ios Tablettes et smartphones.<\/div>","_et_gb_content_width":""},"product_brand":[],"product_cat":[26],"product_tag":[],"class_list":{"0":"post-4645","1":"product","2":"type-product","3":"status-publish","4":"has-post-thumbnail","6":"product_cat-appareille-de-diagnostique","8":"first","9":"instock","10":"shipping-taxable","11":"purchasable","12":"product-type-simple"},"_links":{"self":[{"href":"https:\/\/globobd.net\/admin\/wp-json\/wp\/v2\/product\/4645","targetHints":{"allow":["GET"]}}],"collection":[{"href":"https:\/\/globobd.net\/admin\/wp-json\/wp\/v2\/product"}],"about":[{"href":"https:\/\/globobd.net\/admin\/wp-json\/wp\/v2\/types\/product"}],"replies":[{"embeddable":true,"href":"https:\/\/globobd.net\/admin\/wp-json\/wp\/v2\/comments?post=4645"}],"wp:featuredmedia":[{"embeddable":true,"href":"https:\/\/globobd.net\/admin\/wp-json\/wp\/v2\/media\/4646"}],"wp:attachment":[{"href":"https:\/\/globobd.net\/admin\/wp-json\/wp\/v2\/media?parent=4645"}],"wp:term":[{"taxonomy":"product_brand","embeddable":true,"href":"https:\/\/globobd.net\/admin\/wp-json\/wp\/v2\/product_brand?post=4645"},{"taxonomy":"product_cat","embeddable":true,"href":"https:\/\/globobd.net\/admin\/wp-json\/wp\/v2\/product_cat?post=4645"},{"taxonomy":"product_tag","embeddable":true,"href":"https:\/\/globobd.net\/admin\/wp-json\/wp\/v2\/product_tag?post=4645"}],"curies":[{"name":"wp","href":"https:\/\/api.w.org\/{rel}","templated":true}]}}